{"id":11652,"date":"2025-07-08T06:52:32","date_gmt":"2025-07-08T06:52:32","guid":{"rendered":"https:\/\/oftalmedic.rwdesarrollos.es\/rechtlicher-hinweis\/"},"modified":"2025-07-08T06:52:33","modified_gmt":"2025-07-08T06:52:33","slug":"rechtlicher-hinweis","status":"publish","type":"page","link":"https:\/\/oftalmedic.rwdesarrollos.es\/de\/rechtlicher-hinweis\/","title":{"rendered":"Rechtlicher Hinweis"},"content":{"rendered":"[vc_row type=&#8220;in_container&#8220; full_screen_row_position=&#8220;middle&#8220; scene_position=&#8220;center&#8220; text_color=&#8220;dark&#8220; text_align=&#8220;left&#8220; top_padding=&#8220;60&#8243; bottom_padding=&#8220;60&#8243; overlay_strength=&#8220;0.3&#8243; shape_divider_position=&#8220;bottom&#8220; shape_type=&#8220;&#8220;][vc_column column_padding=&#8220;no-extra-padding&#8220; column_padding_position=&#8220;all&#8220; background_color_opacity=&#8220;1&#8243; background_hover_color_opacity=&#8220;1&#8243; column_shadow=&#8220;none&#8220; column_border_radius=&#8220;none&#8220; width=&#8220;1\/1&#8243; tablet_text_alignment=&#8220;default&#8220; phone_text_alignment=&#8220;default&#8220; column_border_width=&#8220;none&#8220; column_border_style=&#8220;solid&#8220;][vc_column_text]\n<h2 style=\"text-align: center;\">LEGAL AVISION<\/h2>\n<p><strong>Bedingungen f\u00fcr die Nutzung<\/strong><\/p>\n<p>Gem\u00e4\u00df dem Gesetz 34\/2002 vom 11. Juli \u00fcber die Dienste der Informationsgesellschaft und den elektronischen Handel informiert OFTALMEDIC SALV\u00c0, S.L.U. Sie dar\u00fcber, dass sie der Eigent\u00fcmer dieser Website ist.<\/p>\n<p>In \u00dcbereinstimmung mit den Anforderungen des Artikels 10 des oben genannten Gesetzes informiert OFTALMEDIC SALV\u00c0, S.L.U. \u00fcber die folgenden Daten: Der Eigent\u00fcmer dieser Website ist Oftalmedic Salv\u00e0, S.L.U. (B07831662), mit Sitz in Cam\u00ed de Son Rapinya, 1, 07013, Palma de Mallorca, Spanien. <\/p>\n<p><strong>Nutzung und Haftungsregelung<\/strong><\/p>\n<p>Die Navigation, der Zugang und die Benutzung der Webseite von Oftalmedic Salv\u00e0, S.L.U. stellt die Bedingung des Benutzers dar, durch die alle hier festgelegten Benutzungsbedingungen akzeptiert werden, unbeschadet der Anwendung der entsprechenden Vorschriften der obligatorischen gesetzlichen Einhaltung, je nach Fall, von der Navigation auf der Seite von Oftalmedic Salv\u00e0, S.L.U..<\/p>\n<p>Die Website von Oftalmedic Salv\u00e0, S.L.U. bietet eine breite Palette von Informationen, Dienstleistungen und Daten. Der Nutzer \u00fcbernimmt die Verantwortung f\u00fcr die korrekte Nutzung der Website. Diese Verantwortung erstreckt sich auf:  <\/p>\n<ul>\n<li>Die Richtigkeit und Rechtm\u00e4\u00dfigkeit der Angaben, die der Nutzer in den von Oftalmedic Salv\u00e0, S.L.U. ausgestellten Formularen f\u00fcr den Zugang zu bestimmten Inhalten oder Dienstleistungen der Website macht. Er ist auch f\u00fcr die Verwendung der Zugangsdaten verantwortlich, die er durch das Ausf\u00fcllen der genannten Formulare erhalten hat. <\/li>\n<li>Die Nutzung der von Oftalmedic Salv\u00e0, S.L.U. angebotenen Informationen, Dienstleistungen und Daten, die gegen die Bestimmungen der vorliegenden Bedingungen, das Gesetz, die Moral, die guten Sitten oder die \u00f6ffentliche Ordnung verst\u00f6\u00dft oder auf andere Weise die Rechte Dritter oder den Betrieb der Website beeintr\u00e4chtigen kann.<\/li>\n<\/ul>\n<p><strong>Verlinkungspolitik und Haftungsausschluss<\/strong><\/p>\n<p>Oftalmedic Salv\u00e0, S.L.U. ist nicht verantwortlich f\u00fcr den Inhalt der Webseiten, auf die der Benutzer \u00fcber die auf ihrer Webseite eingerichteten Links zugreifen kann, und erkl\u00e4rt, dass sie unter keinen Umst\u00e4nden den Inhalt anderer Seiten des Netzes \u00fcberpr\u00fcft oder kontrolliert. Ebenso wenig garantiert sie die technische Verf\u00fcgbarkeit, Genauigkeit, Richtigkeit, G\u00fcltigkeit oder Rechtm\u00e4\u00dfigkeit von Seiten au\u00dferhalb ihres Eigentums, auf die \u00fcber die Links zugegriffen werden kann. <\/p>\n<p>Oftalmedic Salv\u00e0, S.L.U. erkl\u00e4rt, alle notwendigen Ma\u00dfnahmen ergriffen zu haben, um jeglichen Schaden zu vermeiden, der den Nutzern ihrer Webseite durch die Navigation auf ihrer Webseite entstehen k\u00f6nnte.<\/p>\n<p>Oftalmedic Salv\u00e0, S.L.U. haftet daher in keinem Fall f\u00fcr eventuelle Sch\u00e4den, die der Nutzer durch das Surfen im Internet erleiden k\u00f6nnte.<\/p>\n<p><strong>\u00c4nderung oder Berichtigung<\/strong><\/p>\n<p>Oftalmedic Salv\u00e0, S.L.U. beh\u00e4lt sich das Recht vor, ohne vorherige Ank\u00fcndigung \u00c4nderungen am Inhalt der Webseite vorzunehmen, die sie f\u00fcr angemessen h\u00e4lt. Dies gilt sowohl f\u00fcr den Inhalt der Webseite als auch f\u00fcr die Nutzungsbedingungen derselben. Diese \u00c4nderungen k\u00f6nnen \u00fcber die Website mit allen rechtlich zul\u00e4ssigen Mitteln vorgenommen werden und sind so lange verbindlich, wie sie auf der Website ver\u00f6ffentlicht sind und bis sie durch sp\u00e4tere \u00c4nderungen rechtskr\u00e4ftig ge\u00e4ndert werden.  <\/p>\n<p><strong>Geistiges Eigentum<\/strong><\/p>\n<p>Die Rechte am geistigen und gewerblichen Eigentum, die sich aus allen Texten, Bildern sowie den Mitteln und Formen der Pr\u00e4sentation und des Zusammenbaus der Seite ergeben, geh\u00f6ren Oftalmedic Salv\u00e0, S.L.U., selbst oder als Rechtsnachfolger. Es handelt sich daher um Werke, die als geistiges Eigentum durch das spanische Rechtssystem gesch\u00fctzt sind, wobei auf sie sowohl die spanischen und gemeinschaftlichen Vorschriften in diesem Bereich als auch die von Spanien unterzeichneten internationalen Vertr\u00e4ge in diesem Bereich anwendbar sind.<\/p>\n<p>Alle Rechte vorbehalten. In \u00dcbereinstimmung mit dem Gesetz zum Schutz des geistigen Eigentums ist die Vervielf\u00e4ltigung, Verbreitung, \u00f6ffentliche Bekanntmachung und Nutzung des gesamten oder eines Teils des Inhalts dieser Website ohne die ausdr\u00fcckliche Zustimmung von Oftalmedic Salv\u00e0, S.L.U. ausdr\u00fccklich verboten.[\/vc_column_text][\/vc_column][\/vc_row]\n","protected":false},"excerpt":{"rendered":"<p>[vc_row type=&#8220;in_container&#8220; full_screen_row_position=&#8220;middle&#8220; scene_position=&#8220;center&#8220; text_color=&#8220;dark&#8220; text_align=&#8220;left&#8220; top_padding=&#8220;60&#8243; bottom_padding=&#8220;60&#8243; overlay_strength=&#8220;0.3&#8243; shape_divider_position=&#8220;bottom&#8220; shape_type=&#8220;&#8220;][vc_column column_padding=&#8220;no-extra-padding&#8220; column_padding_position=&#8220;all&#8220; background_color_opacity=&#8220;1&#8243; background_hover_color_opacity=&#8220;1&#8243; column_shadow=&#8220;none&#8220; column_border_radius=&#8220;none&#8220; width=&#8220;1\/1&#8243; tablet_text_alignment=&#8220;default&#8220; phone_text_alignment=&#8220;default&#8220; column_border_width=&#8220;none&#8220; column_border_style=&#8220;solid&#8220;][vc_column_text] LEGAL AVISION Bedingungen f\u00fcr die Nutzung Gem\u00e4\u00df dem Gesetz 34\/2002 vom 11. Juli \u00fcber die Dienste der Informationsgesellschaft und den elektronischen Handel informiert OFTALMEDIC SALV\u00c0, S.L.U. Sie dar\u00fcber, dass sie der Eigent\u00fcmer dieser Website ist. In \u00dcbereinstimmung mit&#8230;<\/p>\n","protected":false},"author":2,"featured_media":0,"parent":0,"menu_order":0,"comment_status":"closed","ping_status":"closed","template":"","meta":{"footnotes":""},"class_list":["post-11652","page","type-page","status-publish"],"yoast_head":"<!-- This site is optimized with the Yoast SEO plugin v25.5 - https:\/\/yoast.com\/wordpress\/plugins\/seo\/ -->\n<title>Rechtlicher Hinweis - Oftalmedic Salv\u00e1<\/title>\n<meta name=\"robots\" content=\"noindex, follow\" \/>\n<meta property=\"og:locale\" content=\"de_DE\" \/>\n<meta property=\"og:type\" content=\"article\" \/>\n<meta property=\"og:title\" content=\"Rechtlicher Hinweis - Oftalmedic Salv\u00e1\" \/>\n<meta property=\"og:description\" content=\"[vc_row type=&#8220;in_container&#8220; full_screen_row_position=&#8220;middle&#8220; scene_position=&#8220;center&#8220; text_color=&#8220;dark&#8220; text_align=&#8220;left&#8220; top_padding=&#8220;60&#8243; bottom_padding=&#8220;60&#8243; overlay_strength=&#8220;0.3&#8243; shape_divider_position=&#8220;bottom&#8220; shape_type=&#8220;&#8220;][vc_column column_padding=&#8220;no-extra-padding&#8220; column_padding_position=&#8220;all&#8220; background_color_opacity=&#8220;1&#8243; background_hover_color_opacity=&#8220;1&#8243; column_shadow=&#8220;none&#8220; column_border_radius=&#8220;none&#8220; width=&#8220;1\/1&#8243; tablet_text_alignment=&#8220;default&#8220; phone_text_alignment=&#8220;default&#8220; column_border_width=&#8220;none&#8220; column_border_style=&#8220;solid&#8220;][vc_column_text] LEGAL AVISION Bedingungen f\u00fcr die Nutzung Gem\u00e4\u00df dem Gesetz 34\/2002 vom 11. Juli \u00fcber die Dienste der Informationsgesellschaft und den elektronischen Handel informiert OFTALMEDIC SALV\u00c0, S.L.U. Sie dar\u00fcber, dass sie der Eigent\u00fcmer dieser Website ist. In \u00dcbereinstimmung mit...\" \/>\n<meta property=\"og:url\" content=\"https:\/\/oftalmedic.rwdesarrollos.es\/de\/rechtlicher-hinweis\/\" \/>\n<meta property=\"og:site_name\" content=\"Oftalmedic Salv\u00e1\" \/>\n<meta property=\"article:modified_time\" content=\"2025-07-08T06:52:33+00:00\" \/>\n<meta name=\"twitter:card\" content=\"summary_large_image\" \/>\n<meta name=\"twitter:label1\" content=\"Gesch\u00e4tzte Lesezeit\" \/>\n\t<meta name=\"twitter:data1\" content=\"4\u00a0Minuten\" \/>\n<script type=\"application\/ld+json\" class=\"yoast-schema-graph\">{\"@context\":\"https:\/\/schema.org\",\"@graph\":[{\"@type\":\"WebPage\",\"@id\":\"https:\/\/oftalmedic.rwdesarrollos.es\/de\/rechtlicher-hinweis\/\",\"url\":\"https:\/\/oftalmedic.rwdesarrollos.es\/de\/rechtlicher-hinweis\/\",\"name\":\"Rechtlicher Hinweis - Oftalmedic Salv\u00e1\",\"isPartOf\":{\"@id\":\"https:\/\/oftalmedic.rwdesarrollos.es\/de\/#website\"},\"datePublished\":\"2025-07-08T06:52:32+00:00\",\"dateModified\":\"2025-07-08T06:52:33+00:00\",\"breadcrumb\":{\"@id\":\"https:\/\/oftalmedic.rwdesarrollos.es\/de\/rechtlicher-hinweis\/#breadcrumb\"},\"inLanguage\":\"de\",\"potentialAction\":[{\"@type\":\"ReadAction\",\"target\":[\"https:\/\/oftalmedic.rwdesarrollos.es\/de\/rechtlicher-hinweis\/\"]}]},{\"@type\":\"BreadcrumbList\",\"@id\":\"https:\/\/oftalmedic.rwdesarrollos.es\/de\/rechtlicher-hinweis\/#breadcrumb\",\"itemListElement\":[{\"@type\":\"ListItem\",\"position\":1,\"name\":\"Portada\",\"item\":\"https:\/\/oftalmedic.rwdesarrollos.es\/de\/\"},{\"@type\":\"ListItem\",\"position\":2,\"name\":\"Rechtlicher Hinweis\"}]},{\"@type\":\"WebSite\",\"@id\":\"https:\/\/oftalmedic.rwdesarrollos.es\/de\/#website\",\"url\":\"https:\/\/oftalmedic.rwdesarrollos.es\/de\/\",\"name\":\"Oftalmedic Salv\u00e1\",\"description\":\"Red de cl\u00ednicas oftalmol\u00f3gicas de referencia en Baleares. Pionera en tecnolog\u00eda l\u00e1ser para cirug\u00eda de cataratas y correcci\u00f3n de la miop\u00eda, hipermetrop\u00eda, astigmatismo y presbicia o vista cansada.\",\"publisher\":{\"@id\":\"https:\/\/oftalmedic.rwdesarrollos.es\/de\/#organization\"},\"potentialAction\":[{\"@type\":\"SearchAction\",\"target\":{\"@type\":\"EntryPoint\",\"urlTemplate\":\"https:\/\/oftalmedic.rwdesarrollos.es\/de\/?s={search_term_string}\"},\"query-input\":{\"@type\":\"PropertyValueSpecification\",\"valueRequired\":true,\"valueName\":\"search_term_string\"}}],\"inLanguage\":\"de\"},{\"@type\":\"Organization\",\"@id\":\"https:\/\/oftalmedic.rwdesarrollos.es\/de\/#organization\",\"name\":\"Oftalmedic Salv\u00e0\",\"url\":\"https:\/\/oftalmedic.rwdesarrollos.es\/de\/\",\"logo\":{\"@type\":\"ImageObject\",\"inLanguage\":\"de\",\"@id\":\"https:\/\/oftalmedic.rwdesarrollos.es\/de\/#\/schema\/logo\/image\/\",\"url\":\"https:\/\/oftalmedic.rwdesarrollos.es\/wp-content\/uploads\/2018\/06\/logo-oftalmedic.png\",\"contentUrl\":\"https:\/\/oftalmedic.rwdesarrollos.es\/wp-content\/uploads\/2018\/06\/logo-oftalmedic.png\",\"width\":200,\"height\":58,\"caption\":\"Oftalmedic Salv\u00e0\"},\"image\":{\"@id\":\"https:\/\/oftalmedic.rwdesarrollos.es\/de\/#\/schema\/logo\/image\/\"}}]}<\/script>\n<!-- \/ Yoast SEO plugin. -->","yoast_head_json":{"title":"Rechtlicher Hinweis - Oftalmedic Salv\u00e1","robots":{"index":"noindex","follow":"follow"},"og_locale":"de_DE","og_type":"article","og_title":"Rechtlicher Hinweis - Oftalmedic Salv\u00e1","og_description":"[vc_row type=&#8220;in_container&#8220; full_screen_row_position=&#8220;middle&#8220; scene_position=&#8220;center&#8220; text_color=&#8220;dark&#8220; text_align=&#8220;left&#8220; top_padding=&#8220;60&#8243; bottom_padding=&#8220;60&#8243; overlay_strength=&#8220;0.3&#8243; shape_divider_position=&#8220;bottom&#8220; shape_type=&#8220;&#8220;][vc_column column_padding=&#8220;no-extra-padding&#8220; column_padding_position=&#8220;all&#8220; background_color_opacity=&#8220;1&#8243; background_hover_color_opacity=&#8220;1&#8243; column_shadow=&#8220;none&#8220; column_border_radius=&#8220;none&#8220; width=&#8220;1\/1&#8243; tablet_text_alignment=&#8220;default&#8220; phone_text_alignment=&#8220;default&#8220; column_border_width=&#8220;none&#8220; column_border_style=&#8220;solid&#8220;][vc_column_text] LEGAL AVISION Bedingungen f\u00fcr die Nutzung Gem\u00e4\u00df dem Gesetz 34\/2002 vom 11. Juli \u00fcber die Dienste der Informationsgesellschaft und den elektronischen Handel informiert OFTALMEDIC SALV\u00c0, S.L.U. Sie dar\u00fcber, dass sie der Eigent\u00fcmer dieser Website ist. In \u00dcbereinstimmung mit...","og_url":"https:\/\/oftalmedic.rwdesarrollos.es\/de\/rechtlicher-hinweis\/","og_site_name":"Oftalmedic Salv\u00e1","article_modified_time":"2025-07-08T06:52:33+00:00","twitter_card":"summary_large_image","twitter_misc":{"Gesch\u00e4tzte Lesezeit":"4\u00a0Minuten"},"schema":{"@context":"https:\/\/schema.org","@graph":[{"@type":"WebPage","@id":"https:\/\/oftalmedic.rwdesarrollos.es\/de\/rechtlicher-hinweis\/","url":"https:\/\/oftalmedic.rwdesarrollos.es\/de\/rechtlicher-hinweis\/","name":"Rechtlicher Hinweis - Oftalmedic Salv\u00e1","isPartOf":{"@id":"https:\/\/oftalmedic.rwdesarrollos.es\/de\/#website"},"datePublished":"2025-07-08T06:52:32+00:00","dateModified":"2025-07-08T06:52:33+00:00","breadcrumb":{"@id":"https:\/\/oftalmedic.rwdesarrollos.es\/de\/rechtlicher-hinweis\/#breadcrumb"},"inLanguage":"de","potentialAction":[{"@type":"ReadAction","target":["https:\/\/oftalmedic.rwdesarrollos.es\/de\/rechtlicher-hinweis\/"]}]},{"@type":"BreadcrumbList","@id":"https:\/\/oftalmedic.rwdesarrollos.es\/de\/rechtlicher-hinweis\/#breadcrumb","itemListElement":[{"@type":"ListItem","position":1,"name":"Portada","item":"https:\/\/oftalmedic.rwdesarrollos.es\/de\/"},{"@type":"ListItem","position":2,"name":"Rechtlicher Hinweis"}]},{"@type":"WebSite","@id":"https:\/\/oftalmedic.rwdesarrollos.es\/de\/#website","url":"https:\/\/oftalmedic.rwdesarrollos.es\/de\/","name":"Oftalmedic Salv\u00e1","description":"Red de cl\u00ednicas oftalmol\u00f3gicas de referencia en Baleares. Pionera en tecnolog\u00eda l\u00e1ser para cirug\u00eda de cataratas y correcci\u00f3n de la miop\u00eda, hipermetrop\u00eda, astigmatismo y presbicia o vista cansada.","publisher":{"@id":"https:\/\/oftalmedic.rwdesarrollos.es\/de\/#organization"},"potentialAction":[{"@type":"SearchAction","target":{"@type":"EntryPoint","urlTemplate":"https:\/\/oftalmedic.rwdesarrollos.es\/de\/?s={search_term_string}"},"query-input":{"@type":"PropertyValueSpecification","valueRequired":true,"valueName":"search_term_string"}}],"inLanguage":"de"},{"@type":"Organization","@id":"https:\/\/oftalmedic.rwdesarrollos.es\/de\/#organization","name":"Oftalmedic Salv\u00e0","url":"https:\/\/oftalmedic.rwdesarrollos.es\/de\/","logo":{"@type":"ImageObject","inLanguage":"de","@id":"https:\/\/oftalmedic.rwdesarrollos.es\/de\/#\/schema\/logo\/image\/","url":"https:\/\/oftalmedic.rwdesarrollos.es\/wp-content\/uploads\/2018\/06\/logo-oftalmedic.png","contentUrl":"https:\/\/oftalmedic.rwdesarrollos.es\/wp-content\/uploads\/2018\/06\/logo-oftalmedic.png","width":200,"height":58,"caption":"Oftalmedic Salv\u00e0"},"image":{"@id":"https:\/\/oftalmedic.rwdesarrollos.es\/de\/#\/schema\/logo\/image\/"}}]}},"_links":{"self":[{"href":"https:\/\/oftalmedic.rwdesarrollos.es\/de\/wp-json\/wp\/v2\/pages\/11652","targetHints":{"allow":["GET"]}}],"collection":[{"href":"https:\/\/oftalmedic.rwdesarrollos.es\/de\/wp-json\/wp\/v2\/pages"}],"about":[{"href":"https:\/\/oftalmedic.rwdesarrollos.es\/de\/wp-json\/wp\/v2\/types\/page"}],"author":[{"embeddable":true,"href":"https:\/\/oftalmedic.rwdesarrollos.es\/de\/wp-json\/wp\/v2\/users\/2"}],"replies":[{"embeddable":true,"href":"https:\/\/oftalmedic.rwdesarrollos.es\/de\/wp-json\/wp\/v2\/comments?post=11652"}],"version-history":[{"count":2,"href":"https:\/\/oftalmedic.rwdesarrollos.es\/de\/wp-json\/wp\/v2\/pages\/11652\/revisions"}],"predecessor-version":[{"id":11654,"href":"https:\/\/oftalmedic.rwdesarrollos.es\/de\/wp-json\/wp\/v2\/pages\/11652\/revisions\/11654"}],"wp:attachment":[{"href":"https:\/\/oftalmedic.rwdesarrollos.es\/de\/wp-json\/wp\/v2\/media?parent=11652"}],"curies":[{"name":"wp","href":"https:\/\/api.w.org\/{rel}","templated":true}]}}